{"id":3675,"date":"2019-08-01T17:13:01","date_gmt":"2019-08-01T15:13:01","guid":{"rendered":"https:\/\/www.alleangeln.de\/app\/?page_id=3675"},"modified":"2024-05-01T20:07:02","modified_gmt":"2024-05-01T18:07:02","slug":"fangfaktor","status":"publish","type":"page","link":"https:\/\/www.alleangeln.de\/app\/fangfaktor\/","title":{"rendered":"Fangfaktor"},"content":{"rendered":"<div class=\"wpb-content-wrapper\"><p>[vc_row full_width=&#8220;stretch_row_content_no_spaces&#8220; foundry_padding=&#8220;pt0&#8243; css=&#8220;.vc_custom_1678393097767{margin-top: -50px !important;background-color: #404040 !important;}&#8220;][vc_column][vc_column_text css=&#8220;&#8220;]<\/p>\n<h2><span style=\"color: #e6e6e6;\">* Fangfaktor<\/span><\/h2>\n<p><span style=\"color: #e6e6e6;\">Der Alle Angeln FANGFAKTOR \u2122 ist eine von uns errechnete Fangvorhersage auf der Basis von \u00fcber 1 Mio Fangmeldungen, die bereits \u00fcber unsere mobile App ver\u00f6ffentlicht wurden. <\/span><\/p>\n<p><span style=\"color: #e6e6e6;\">Wir haben f\u00fcr die in Deutschland h\u00e4ufigsten Fische die durchschnittlich besten Beisszeiten errechnet, und die Wetterbedingungen zum Zeitpunkt des Fangs erfasst und ausgewertet.<\/span><\/p>\n<p><span style=\"color: #e6e6e6;\">Der FANGFAKTOR wird aus drei verschiedenen Parametern zusammen:<\/span><\/p>\n<ol>\n<li><span style=\"color: #e6e6e6;\">Den allgemeinen Beisszeiten einer Fischart im Tagesverlauf<\/span><\/li>\n<li><span style=\"color: #e6e6e6;\">Fangwahrscheinlichkeit im Jahresverlauf (Saisonale Gewichtung)<\/span><\/li>\n<li><span style=\"color: #e6e6e6;\">Fangwahrscheinlichkeit anhand der aktuellen Wetterbedingungen (bspw. Temperatur, Windgeschwindigkeit, <span class=\"c-mrkdwn__highlight\">Luftdruck)<\/span><\/span><\/li>\n<\/ol>\n<p><span style=\"color: #e6e6e6;\"><img loading=\"lazy\" decoding=\"async\" class=\"alignnone wp-image-4805 \" src=\"https:\/\/alleangeln-data-prod.s3.eu-central-1.amazonaws.com\/wordpress\/2024\/05\/01195747\/Fange-mehr-Fische-Dummy-e1714586300523.jpg\" alt=\"Fangfaktor\" width=\"501\" height=\"368\" srcset=\"https:\/\/alleangeln-data-prod.s3.eu-central-1.amazonaws.com\/wordpress\/2024\/05\/01195747\/Fange-mehr-Fische-Dummy-e1714586300523.jpg 824w, https:\/\/alleangeln-data-prod.s3.eu-central-1.amazonaws.com\/wordpress\/2024\/05\/01195747\/Fange-mehr-Fische-Dummy-e1714586300523-300x221.jpg 300w, https:\/\/alleangeln-data-prod.s3.eu-central-1.amazonaws.com\/wordpress\/2024\/05\/01195747\/Fange-mehr-Fische-Dummy-e1714586300523-768x565.jpg 768w\" sizes=\"auto, (max-width: 501px) 100vw, 501px\" \/><\/span><\/p>\n<p><span style=\"color: #e6e6e6;\">Je h\u00f6her der FANGFAKTOR an einem Gew\u00e4sser ausf\u00e4llt, desto h\u00f6her ist die Wahrscheinlichkeit f\u00fcr dich, zu dieser Uhrzeit einen Fisch zu fangen.<\/span><\/p>\n<p><span style=\"color: #e6e6e6;\">Tight Lines!<\/span><br \/>\n<span style=\"color: #e6e6e6;\">Dein ALLE ANGELN Team<\/span>[\/vc_column_text][\/vc_column][\/vc_row]<\/p>\n<\/div>","protected":false},"excerpt":{"rendered":"<p>[vc_row full_width=&#8220;stretch_row_content_no_spaces&#8220; foundry_padding=&#8220;pt0&#8243; css=&#8220;.vc_custom_1678393097767{margin-top: -50px !important;background-color: #404040 !important;}&#8220;][vc_column][vc_column_text css=&#8220;&#8220;] * Fangfaktor Der Alle Angeln FANGFAKTOR \u2122 ist eine von uns errechnete&#8230;<\/p>\n","protected":false},"author":1,"featured_media":0,"parent":0,"menu_order":0,"comment_status":"closed","ping_status":"closed","template":"","meta":{"footnotes":""},"class_list":["post-3675","page","type-page","status-publish","hentry"],"yoast_head":"<!-- This site is optimized with the Yoast SEO plugin v27.1.1 - https:\/\/yoast.com\/product\/yoast-seo-wordpress\/ -->\n<title>Fangfaktor - Alle Angeln<\/title>\n<meta name=\"description\" content=\"Die besten Beisszeiten im Blick! Der ALLE ANGELN &#039;Fangfaktor&#039; ist eine Fangvorhersage f\u00fcr Angler auf der Basis von \u00fcber 200.000 Fangmeldungen.\" \/>\n<meta name=\"robots\" content=\"index, follow, max-snippet:-1, max-image-preview:large, max-video-preview:-1\" \/>\n<link rel=\"canonical\" href=\"https:\/\/www.alleangeln.de\/app\/fangfaktor\/\" \/>\n<meta property=\"og:locale\" content=\"de_DE\" \/>\n<meta property=\"og:type\" content=\"article\" \/>\n<meta property=\"og:title\" content=\"Fangfaktor - Alle Angeln\" \/>\n<meta property=\"og:description\" content=\"Die besten Beisszeiten im Blick! Der ALLE ANGELN &#039;Fangfaktor&#039; ist eine Fangvorhersage f\u00fcr Angler auf der Basis von \u00fcber 200.000 Fangmeldungen.\" \/>\n<meta property=\"og:url\" content=\"https:\/\/www.alleangeln.de\/app\/fangfaktor\/\" \/>\n<meta property=\"og:site_name\" content=\"Alle Angeln\" \/>\n<meta property=\"article:publisher\" content=\"https:\/\/facebook.com\/alleangeln\" \/>\n<meta property=\"article:modified_time\" content=\"2024-05-01T18:07:02+00:00\" \/>\n<meta property=\"og:image\" content=\"https:\/\/www.alleangeln.de\/app\/wp-content\/uploads\/2024\/05\/Fange-mehr-Fische-Dummy-e1714586300523.jpg\" \/>\n<meta name=\"twitter:card\" content=\"summary_large_image\" \/>\n<meta name=\"twitter:site\" content=\"@alleangeln\" \/>\n<meta name=\"twitter:label1\" content=\"Gesch\u00e4tzte Lesezeit\" \/>\n\t<meta name=\"twitter:data1\" content=\"1\u00a0Minute\" \/>\n<script type=\"application\/ld+json\" class=\"yoast-schema-graph\">{\"@context\":\"https:\/\/schema.org\",\"@graph\":[{\"@type\":\"WebPage\",\"@id\":\"https:\/\/www.alleangeln.de\/app\/fangfaktor\/\",\"url\":\"https:\/\/www.alleangeln.de\/app\/fangfaktor\/\",\"name\":\"Fangfaktor - Alle Angeln\",\"isPartOf\":{\"@id\":\"https:\/\/www.alleangeln.de\/app\/#website\"},\"primaryImageOfPage\":{\"@id\":\"https:\/\/www.alleangeln.de\/app\/fangfaktor\/#primaryimage\"},\"image\":{\"@id\":\"https:\/\/www.alleangeln.de\/app\/fangfaktor\/#primaryimage\"},\"thumbnailUrl\":\"https:\/\/www.alleangeln.de\/app\/wp-content\/uploads\/2024\/05\/Fange-mehr-Fische-Dummy-e1714586300523.jpg\",\"datePublished\":\"2019-08-01T15:13:01+00:00\",\"dateModified\":\"2024-05-01T18:07:02+00:00\",\"description\":\"Die besten Beisszeiten im Blick! Der ALLE ANGELN 'Fangfaktor' ist eine Fangvorhersage f\u00fcr Angler auf der Basis von \u00fcber 200.000 Fangmeldungen.\",\"breadcrumb\":{\"@id\":\"https:\/\/www.alleangeln.de\/app\/fangfaktor\/#breadcrumb\"},\"inLanguage\":\"de\",\"potentialAction\":[{\"@type\":\"ReadAction\",\"target\":[\"https:\/\/www.alleangeln.de\/app\/fangfaktor\/\"]}]},{\"@type\":\"ImageObject\",\"inLanguage\":\"de\",\"@id\":\"https:\/\/www.alleangeln.de\/app\/fangfaktor\/#primaryimage\",\"url\":\"https:\/\/alleangeln-data-prod.s3.eu-central-1.amazonaws.com\/wordpress\/2024\/05\/01195747\/Fange-mehr-Fische-Dummy-e1714586300523.jpg\",\"contentUrl\":\"https:\/\/alleangeln-data-prod.s3.eu-central-1.amazonaws.com\/wordpress\/2024\/05\/01195747\/Fange-mehr-Fische-Dummy-e1714586300523.jpg\",\"width\":824,\"height\":606,\"caption\":\"Fangfaktor\"},{\"@type\":\"BreadcrumbList\",\"@id\":\"https:\/\/www.alleangeln.de\/app\/fangfaktor\/#breadcrumb\",\"itemListElement\":[{\"@type\":\"ListItem\",\"position\":1,\"name\":\"Startseite\",\"item\":\"https:\/\/www.alleangeln.de\/app\/\"},{\"@type\":\"ListItem\",\"position\":2,\"name\":\"Fangfaktor\"}]},{\"@type\":\"WebSite\",\"@id\":\"https:\/\/www.alleangeln.de\/app\/#website\",\"url\":\"https:\/\/www.alleangeln.de\/app\/\",\"name\":\"Alle Angeln\",\"description\":\"Das soziale Netzwerk f\u00fcr Angler und Anglerinnen\",\"publisher\":{\"@id\":\"https:\/\/www.alleangeln.de\/app\/#organization\"},\"potentialAction\":[{\"@type\":\"SearchAction\",\"target\":{\"@type\":\"EntryPoint\",\"urlTemplate\":\"https:\/\/www.alleangeln.de\/app\/?s={search_term_string}\"},\"query-input\":{\"@type\":\"PropertyValueSpecification\",\"valueRequired\":true,\"valueName\":\"search_term_string\"}}],\"inLanguage\":\"de\"},{\"@type\":\"Organization\",\"@id\":\"https:\/\/www.alleangeln.de\/app\/#organization\",\"name\":\"Alle Angeln\",\"url\":\"https:\/\/www.alleangeln.de\/app\/\",\"logo\":{\"@type\":\"ImageObject\",\"inLanguage\":\"de\",\"@id\":\"https:\/\/www.alleangeln.de\/app\/#\/schema\/logo\/image\/\",\"url\":\"https:\/\/alleangeln-data-prod.s3.eu-central-1.amazonaws.com\/wordpress\/2025\/10\/29103542\/AA-App-Icon%403x.png\",\"contentUrl\":\"https:\/\/alleangeln-data-prod.s3.eu-central-1.amazonaws.com\/wordpress\/2025\/10\/29103542\/AA-App-Icon%403x.png\",\"width\":1536,\"height\":1536,\"caption\":\"Alle Angeln\"},\"image\":{\"@id\":\"https:\/\/www.alleangeln.de\/app\/#\/schema\/logo\/image\/\"},\"sameAs\":[\"https:\/\/facebook.com\/alleangeln\",\"https:\/\/x.com\/alleangeln\",\"https:\/\/instagram.com\/alleangeln\",\"https:\/\/www.youtube.com\/channel\/UCUDEctVIPX0yEsSSXXL_l_g\"]}]}<\/script>\n<!-- \/ Yoast SEO plugin. -->","yoast_head_json":{"title":"Fangfaktor - Alle Angeln","description":"Die besten Beisszeiten im Blick! Der ALLE ANGELN 'Fangfaktor' ist eine Fangvorhersage f\u00fcr Angler auf der Basis von \u00fcber 200.000 Fangmeldungen.","robots":{"index":"index","follow":"follow","max-snippet":"max-snippet:-1","max-image-preview":"max-image-preview:large","max-video-preview":"max-video-preview:-1"},"canonical":"https:\/\/www.alleangeln.de\/app\/fangfaktor\/","og_locale":"de_DE","og_type":"article","og_title":"Fangfaktor - Alle Angeln","og_description":"Die besten Beisszeiten im Blick! Der ALLE ANGELN 'Fangfaktor' ist eine Fangvorhersage f\u00fcr Angler auf der Basis von \u00fcber 200.000 Fangmeldungen.","og_url":"https:\/\/www.alleangeln.de\/app\/fangfaktor\/","og_site_name":"Alle Angeln","article_publisher":"https:\/\/facebook.com\/alleangeln","article_modified_time":"2024-05-01T18:07:02+00:00","og_image":[{"url":"https:\/\/www.alleangeln.de\/app\/wp-content\/uploads\/2024\/05\/Fange-mehr-Fische-Dummy-e1714586300523.jpg","type":"","width":"","height":""}],"twitter_card":"summary_large_image","twitter_site":"@alleangeln","twitter_misc":{"Gesch\u00e4tzte Lesezeit":"1\u00a0Minute"},"schema":{"@context":"https:\/\/schema.org","@graph":[{"@type":"WebPage","@id":"https:\/\/www.alleangeln.de\/app\/fangfaktor\/","url":"https:\/\/www.alleangeln.de\/app\/fangfaktor\/","name":"Fangfaktor - Alle Angeln","isPartOf":{"@id":"https:\/\/www.alleangeln.de\/app\/#website"},"primaryImageOfPage":{"@id":"https:\/\/www.alleangeln.de\/app\/fangfaktor\/#primaryimage"},"image":{"@id":"https:\/\/www.alleangeln.de\/app\/fangfaktor\/#primaryimage"},"thumbnailUrl":"https:\/\/www.alleangeln.de\/app\/wp-content\/uploads\/2024\/05\/Fange-mehr-Fische-Dummy-e1714586300523.jpg","datePublished":"2019-08-01T15:13:01+00:00","dateModified":"2024-05-01T18:07:02+00:00","description":"Die besten Beisszeiten im Blick! Der ALLE ANGELN 'Fangfaktor' ist eine Fangvorhersage f\u00fcr Angler auf der Basis von \u00fcber 200.000 Fangmeldungen.","breadcrumb":{"@id":"https:\/\/www.alleangeln.de\/app\/fangfaktor\/#breadcrumb"},"inLanguage":"de","potentialAction":[{"@type":"ReadAction","target":["https:\/\/www.alleangeln.de\/app\/fangfaktor\/"]}]},{"@type":"ImageObject","inLanguage":"de","@id":"https:\/\/www.alleangeln.de\/app\/fangfaktor\/#primaryimage","url":"https:\/\/alleangeln-data-prod.s3.eu-central-1.amazonaws.com\/wordpress\/2024\/05\/01195747\/Fange-mehr-Fische-Dummy-e1714586300523.jpg","contentUrl":"https:\/\/alleangeln-data-prod.s3.eu-central-1.amazonaws.com\/wordpress\/2024\/05\/01195747\/Fange-mehr-Fische-Dummy-e1714586300523.jpg","width":824,"height":606,"caption":"Fangfaktor"},{"@type":"BreadcrumbList","@id":"https:\/\/www.alleangeln.de\/app\/fangfaktor\/#breadcrumb","itemListElement":[{"@type":"ListItem","position":1,"name":"Startseite","item":"https:\/\/www.alleangeln.de\/app\/"},{"@type":"ListItem","position":2,"name":"Fangfaktor"}]},{"@type":"WebSite","@id":"https:\/\/www.alleangeln.de\/app\/#website","url":"https:\/\/www.alleangeln.de\/app\/","name":"Alle Angeln","description":"Das soziale Netzwerk f\u00fcr Angler und Anglerinnen","publisher":{"@id":"https:\/\/www.alleangeln.de\/app\/#organization"},"potentialAction":[{"@type":"SearchAction","target":{"@type":"EntryPoint","urlTemplate":"https:\/\/www.alleangeln.de\/app\/?s={search_term_string}"},"query-input":{"@type":"PropertyValueSpecification","valueRequired":true,"valueName":"search_term_string"}}],"inLanguage":"de"},{"@type":"Organization","@id":"https:\/\/www.alleangeln.de\/app\/#organization","name":"Alle Angeln","url":"https:\/\/www.alleangeln.de\/app\/","logo":{"@type":"ImageObject","inLanguage":"de","@id":"https:\/\/www.alleangeln.de\/app\/#\/schema\/logo\/image\/","url":"https:\/\/alleangeln-data-prod.s3.eu-central-1.amazonaws.com\/wordpress\/2025\/10\/29103542\/AA-App-Icon%403x.png","contentUrl":"https:\/\/alleangeln-data-prod.s3.eu-central-1.amazonaws.com\/wordpress\/2025\/10\/29103542\/AA-App-Icon%403x.png","width":1536,"height":1536,"caption":"Alle Angeln"},"image":{"@id":"https:\/\/www.alleangeln.de\/app\/#\/schema\/logo\/image\/"},"sameAs":["https:\/\/facebook.com\/alleangeln","https:\/\/x.com\/alleangeln","https:\/\/instagram.com\/alleangeln","https:\/\/www.youtube.com\/channel\/UCUDEctVIPX0yEsSSXXL_l_g"]}]}},"_links":{"self":[{"href":"https:\/\/www.alleangeln.de\/app\/wp-json\/wp\/v2\/pages\/3675","targetHints":{"allow":["GET"]}}],"collection":[{"href":"https:\/\/www.alleangeln.de\/app\/wp-json\/wp\/v2\/pages"}],"about":[{"href":"https:\/\/www.alleangeln.de\/app\/wp-json\/wp\/v2\/types\/page"}],"author":[{"embeddable":true,"href":"https:\/\/www.alleangeln.de\/app\/wp-json\/wp\/v2\/users\/1"}],"replies":[{"embeddable":true,"href":"https:\/\/www.alleangeln.de\/app\/wp-json\/wp\/v2\/comments?post=3675"}],"version-history":[{"count":30,"href":"https:\/\/www.alleangeln.de\/app\/wp-json\/wp\/v2\/pages\/3675\/revisions"}],"predecessor-version":[{"id":4806,"href":"https:\/\/www.alleangeln.de\/app\/wp-json\/wp\/v2\/pages\/3675\/revisions\/4806"}],"wp:attachment":[{"href":"https:\/\/www.alleangeln.de\/app\/wp-json\/wp\/v2\/media?parent=3675"}],"curies":[{"name":"wp","href":"https:\/\/api.w.org\/{rel}","templated":true}]}}