{"id":5070,"date":"2025-06-12T23:10:17","date_gmt":"2025-06-12T21:10:17","guid":{"rendered":"https:\/\/www.alleangeln.de\/app\/?page_id=5070"},"modified":"2025-06-13T13:22:11","modified_gmt":"2025-06-13T11:22:11","slug":"facebook-id","status":"publish","type":"page","link":"https:\/\/www.alleangeln.de\/app\/facebook-id\/","title":{"rendered":"Facebook-ID finden"},"content":{"rendered":"<div class=\"wpb-content-wrapper\"><p>[vc_row full_width=&#8220;stretch_row&#8220;][vc_column]\n\t\t\t<section class=\"image-bg overlay pt240 pb240 pt-xs-180 pb-xs-180 hero-header\">\n                <div class=\"background-image-holder fadeIn\">\n                    <img loading=\"lazy\" decoding=\"async\" width=\"1920\" height=\"1440\" src=\"https:\/\/alleangeln-data-prod.s3.eu-central-1.amazonaws.com\/wordpress\/2022\/03\/03230657\/alle_angeln_background22-4-2.jpg\" class=\"background-image\" alt=\"Angelspots finden\" srcset=\"https:\/\/alleangeln-data-prod.s3.eu-central-1.amazonaws.com\/wordpress\/2022\/03\/03230657\/alle_angeln_background22-4-2.jpg 1920w, https:\/\/alleangeln-data-prod.s3.eu-central-1.amazonaws.com\/wordpress\/2022\/03\/03230657\/alle_angeln_background22-4-2-300x225.jpg 300w, https:\/\/alleangeln-data-prod.s3.eu-central-1.amazonaws.com\/wordpress\/2022\/03\/03230657\/alle_angeln_background22-4-2-1024x768.jpg 1024w, https:\/\/alleangeln-data-prod.s3.eu-central-1.amazonaws.com\/wordpress\/2022\/03\/03230657\/alle_angeln_background22-4-2-768x576.jpg 768w, https:\/\/alleangeln-data-prod.s3.eu-central-1.amazonaws.com\/wordpress\/2022\/03\/03230657\/alle_angeln_background22-4-2-1536x1152.jpg 1536w\" sizes=\"auto, (max-width: 1920px) 100vw, 1920px\" \/>\n                <\/div>\n                <div class=\"container\">\n                    <div class=\"row\">\n                        <div class=\"col-sm-6\">\n                            \n                        <\/div>\n                    <\/div>\n                <\/div>\n            <\/section>\n\t\t[\/vc_column][\/vc_row][vc_row foundry_padding=&#8220;pt64 pb64&#8243; foundry_parallax=&#8220;not-parallax&#8220;][vc_column css=&#8220;.vc_custom_1676299519067{padding-top: 0px !important;}&#8220; offset=&#8220;vc_col-lg-12 vc_col-md-12 vc_col-xs-12&#8243;][vc_column_text css=&#8220;&#8220;]<\/p>\n<h2>So findest du deine Facebook Nutzer-ID<\/h2>\n<p>Wenn du dein Profil auf ALLE ANGELN \u00fcber Facebook Connect erstellt hast (blauer Facebook Login Button) und dich jetzt nicht mehr auf ALLE ANGELN einloggen kannst, dann folge bitte diesen Schritten, um deine Facebook Nutzer-ID zu finden. Wir ben\u00f6tigen deine Facebook Nutzer-ID, um dein bestehendes Nutzerprofil auf ALLE ANGELN mit deiner aktuellen E-Mail Adresse verkn\u00fcpfen zu k\u00f6nnen.<\/p>\n<p><strong>1. Bitte \u00f6ffne zuerst die Facebook-App<\/strong><\/p>\n<p><strong>2. \u00d6ffne dort das Men\u00fc \u00fcber das \u2630 Symbol<\/strong><\/p>\n<p><strong>3. Klicke jetzt rechts oben auf das Zahnrad Symbol \u2699\ufe0f, um die Einstellungen zu \u00f6ffnen.<\/strong><\/p>\n<p><strong>4. Scrolle nach unten bis zum Abschnitt \u201eDeine Aktivit\u00e4ten und Berechtigungen\u201c und klicke dort auf \u201eApps und Websites\u201c<\/strong><\/p>\n<p><a href=\"https:\/\/alleangeln-data-prod.s3.eu-central-1.amazonaws.com\/wordpress\/2025\/06\/05111632\/SC1.jpg\"><img loading=\"lazy\" decoding=\"async\" class=\"aligncenter wp-image-5073\" src=\"https:\/\/alleangeln-data-prod.s3.eu-central-1.amazonaws.com\/wordpress\/2025\/06\/05111632\/SC1-158x300.jpg\" alt=\"\" width=\"300\" height=\"570\" srcset=\"https:\/\/alleangeln-data-prod.s3.eu-central-1.amazonaws.com\/wordpress\/2025\/06\/05111632\/SC1-158x300.jpg 158w, https:\/\/alleangeln-data-prod.s3.eu-central-1.amazonaws.com\/wordpress\/2025\/06\/05111632\/SC1-539x1024.jpg 539w, https:\/\/alleangeln-data-prod.s3.eu-central-1.amazonaws.com\/wordpress\/2025\/06\/05111632\/SC1-768x1458.jpg 768w, https:\/\/alleangeln-data-prod.s3.eu-central-1.amazonaws.com\/wordpress\/2025\/06\/05111632\/SC1-809x1536.jpg 809w, https:\/\/alleangeln-data-prod.s3.eu-central-1.amazonaws.com\/wordpress\/2025\/06\/05111632\/SC1-1078x2048.jpg 1078w, https:\/\/alleangeln-data-prod.s3.eu-central-1.amazonaws.com\/wordpress\/2025\/06\/05111632\/SC1.jpg 1080w\" sizes=\"auto, (max-width: 300px) 100vw, 300px\" \/><\/a>[\/vc_column_text][\/vc_column][\/vc_row][vc_row foundry_padding=&#8220;pt0&#8243; foundry_parallax=&#8220;not-parallax&#8220; css=&#8220;.vc_custom_1749761808362{padding-top: 30px !important;}&#8220;][vc_column css=&#8220;.vc_custom_1676299519067{padding-top: 0px !important;}&#8220; offset=&#8220;vc_col-lg-12 vc_col-md-12 vc_col-xs-12&#8243;][vc_column_text css=&#8220;&#8220;]<strong>5. Klicke bei den angezeigten Apps auf ALLE ANGELN<\/strong><\/p>\n<p><strong>6. Ganz unten auf dem Screen findest du deine Facebook Nutzer-ID, die wir ben\u00f6tigen<\/strong><\/p>\n<p><a href=\"https:\/\/alleangeln-data-prod.s3.eu-central-1.amazonaws.com\/wordpress\/2025\/06\/05111628\/SC3-scaled.jpg\"><img loading=\"lazy\" decoding=\"async\" class=\"wp-image-5071 aligncenter\" src=\"https:\/\/alleangeln-data-prod.s3.eu-central-1.amazonaws.com\/wordpress\/2025\/06\/05111628\/SC3-109x300.jpg\" alt=\"\" width=\"300\" height=\"822\" srcset=\"https:\/\/alleangeln-data-prod.s3.eu-central-1.amazonaws.com\/wordpress\/2025\/06\/05111628\/SC3-109x300.jpg 109w, https:\/\/alleangeln-data-prod.s3.eu-central-1.amazonaws.com\/wordpress\/2025\/06\/05111628\/SC3-374x1024.jpg 374w, https:\/\/alleangeln-data-prod.s3.eu-central-1.amazonaws.com\/wordpress\/2025\/06\/05111628\/SC3-768x2104.jpg 768w, https:\/\/alleangeln-data-prod.s3.eu-central-1.amazonaws.com\/wordpress\/2025\/06\/05111628\/SC3-561x1536.jpg 561w, https:\/\/alleangeln-data-prod.s3.eu-central-1.amazonaws.com\/wordpress\/2025\/06\/05111628\/SC3-747x2048.jpg 747w, https:\/\/alleangeln-data-prod.s3.eu-central-1.amazonaws.com\/wordpress\/2025\/06\/05111628\/SC3-scaled.jpg 934w\" sizes=\"auto, (max-width: 300px) 100vw, 300px\" \/><\/a><\/p>\n<p><strong>7. Sende uns deine Facebook Nutzer-ID zusammen mit der E-Mail Adresse, die mit deinem Konto verkn\u00fcpft werden soll, an <a href=\"mailto:kontakt@alleangeln.de\">kontakt@alleangeln.de<\/a><\/strong>[\/vc_column_text][\/vc_column][\/vc_row]<\/p>\n<\/div>","protected":false},"excerpt":{"rendered":"<p>[vc_row full_width=&#8220;stretch_row&#8220;][vc_column][\/vc_column][\/vc_row][vc_row foundry_padding=&#8220;pt64 pb64&#8243; foundry_parallax=&#8220;not-parallax&#8220;][vc_column css=&#8220;.vc_custom_1676299519067{padding-top: 0px !important;}&#8220; offset=&#8220;vc_col-lg-12 vc_col-md-12 vc_col-xs-12&#8243;][vc_column_text css=&#8220;&#8220;] So findest du deine Facebook Nutzer-ID Wenn du dein&#8230;<\/p>\n","protected":false},"author":4,"featured_media":5073,"parent":0,"menu_order":0,"comment_status":"closed","ping_status":"closed","template":"","meta":{"footnotes":""},"class_list":["post-5070","page","type-page","status-publish","has-post-thumbnail","hentry"],"yoast_head":"<!-- This site is optimized with the Yoast SEO plugin v27.1.1 - https:\/\/yoast.com\/product\/yoast-seo-wordpress\/ -->\n<title>Facebook ID finden - ALLE ANGELN<\/title>\n<meta name=\"robots\" content=\"index, follow, max-snippet:-1, max-image-preview:large, max-video-preview:-1\" \/>\n<link rel=\"canonical\" href=\"https:\/\/www.alleangeln.de\/app\/facebook-id\/\" \/>\n<meta property=\"og:locale\" content=\"de_DE\" \/>\n<meta property=\"og:type\" content=\"article\" \/>\n<meta property=\"og:title\" content=\"Facebook ID finden - ALLE ANGELN\" \/>\n<meta property=\"og:description\" content=\"[vc_row full_width=&#8220;stretch_row&#8220;][vc_column][\/vc_column][\/vc_row][vc_row foundry_padding=&#8220;pt64 pb64&#8243; foundry_parallax=&#8220;not-parallax&#8220;][vc_column css=&#8220;.vc_custom_1676299519067{padding-top: 0px !important;}&#8220; offset=&#8220;vc_col-lg-12 vc_col-md-12 vc_col-xs-12&#8243;][vc_column_text css=&#8220;&#8220;] So findest du deine Facebook Nutzer-ID Wenn du dein...\" \/>\n<meta property=\"og:url\" content=\"https:\/\/www.alleangeln.de\/app\/facebook-id\/\" \/>\n<meta property=\"og:site_name\" content=\"Alle Angeln\" \/>\n<meta property=\"article:publisher\" content=\"https:\/\/facebook.com\/alleangeln\" \/>\n<meta property=\"article:modified_time\" content=\"2025-06-13T11:22:11+00:00\" \/>\n<meta property=\"og:image\" content=\"https:\/\/alleangeln-data-prod.s3.eu-central-1.amazonaws.com\/wordpress\/2025\/06\/05111632\/SC1.jpg\" \/>\n\t<meta property=\"og:image:width\" content=\"1080\" \/>\n\t<meta property=\"og:image:height\" content=\"2051\" \/>\n\t<meta property=\"og:image:type\" content=\"image\/jpeg\" \/>\n<meta name=\"twitter:card\" content=\"summary_large_image\" \/>\n<meta name=\"twitter:site\" content=\"@alleangeln\" \/>\n<meta name=\"twitter:label1\" content=\"Gesch\u00e4tzte Lesezeit\" \/>\n\t<meta name=\"twitter:data1\" content=\"2\u00a0Minuten\" \/>\n<script type=\"application\/ld+json\" class=\"yoast-schema-graph\">{\"@context\":\"https:\/\/schema.org\",\"@graph\":[{\"@type\":\"WebPage\",\"@id\":\"https:\/\/www.alleangeln.de\/app\/facebook-id\/\",\"url\":\"https:\/\/www.alleangeln.de\/app\/facebook-id\/\",\"name\":\"Facebook ID finden - ALLE ANGELN\",\"isPartOf\":{\"@id\":\"https:\/\/www.alleangeln.de\/app\/#website\"},\"primaryImageOfPage\":{\"@id\":\"https:\/\/www.alleangeln.de\/app\/facebook-id\/#primaryimage\"},\"image\":{\"@id\":\"https:\/\/www.alleangeln.de\/app\/facebook-id\/#primaryimage\"},\"thumbnailUrl\":\"https:\/\/alleangeln-data-prod.s3.eu-central-1.amazonaws.com\/wordpress\/2025\/06\/05111632\/SC1.jpg\",\"datePublished\":\"2025-06-12T21:10:17+00:00\",\"dateModified\":\"2025-06-13T11:22:11+00:00\",\"breadcrumb\":{\"@id\":\"https:\/\/www.alleangeln.de\/app\/facebook-id\/#breadcrumb\"},\"inLanguage\":\"de\",\"potentialAction\":[{\"@type\":\"ReadAction\",\"target\":[\"https:\/\/www.alleangeln.de\/app\/facebook-id\/\"]}]},{\"@type\":\"ImageObject\",\"inLanguage\":\"de\",\"@id\":\"https:\/\/www.alleangeln.de\/app\/facebook-id\/#primaryimage\",\"url\":\"https:\/\/alleangeln-data-prod.s3.eu-central-1.amazonaws.com\/wordpress\/2025\/06\/05111632\/SC1.jpg\",\"contentUrl\":\"https:\/\/alleangeln-data-prod.s3.eu-central-1.amazonaws.com\/wordpress\/2025\/06\/05111632\/SC1.jpg\",\"width\":1080,\"height\":2051},{\"@type\":\"BreadcrumbList\",\"@id\":\"https:\/\/www.alleangeln.de\/app\/facebook-id\/#breadcrumb\",\"itemListElement\":[{\"@type\":\"ListItem\",\"position\":1,\"name\":\"Startseite\",\"item\":\"https:\/\/www.alleangeln.de\/app\/\"},{\"@type\":\"ListItem\",\"position\":2,\"name\":\"Facebook-ID finden\"}]},{\"@type\":\"WebSite\",\"@id\":\"https:\/\/www.alleangeln.de\/app\/#website\",\"url\":\"https:\/\/www.alleangeln.de\/app\/\",\"name\":\"Alle Angeln\",\"description\":\"Das soziale Netzwerk f\u00fcr Angler und Anglerinnen\",\"publisher\":{\"@id\":\"https:\/\/www.alleangeln.de\/app\/#organization\"},\"potentialAction\":[{\"@type\":\"SearchAction\",\"target\":{\"@type\":\"EntryPoint\",\"urlTemplate\":\"https:\/\/www.alleangeln.de\/app\/?s={search_term_string}\"},\"query-input\":{\"@type\":\"PropertyValueSpecification\",\"valueRequired\":true,\"valueName\":\"search_term_string\"}}],\"inLanguage\":\"de\"},{\"@type\":\"Organization\",\"@id\":\"https:\/\/www.alleangeln.de\/app\/#organization\",\"name\":\"Alle Angeln\",\"url\":\"https:\/\/www.alleangeln.de\/app\/\",\"logo\":{\"@type\":\"ImageObject\",\"inLanguage\":\"de\",\"@id\":\"https:\/\/www.alleangeln.de\/app\/#\/schema\/logo\/image\/\",\"url\":\"https:\/\/alleangeln-data-prod.s3.eu-central-1.amazonaws.com\/wordpress\/2025\/10\/29103542\/AA-App-Icon%403x.png\",\"contentUrl\":\"https:\/\/alleangeln-data-prod.s3.eu-central-1.amazonaws.com\/wordpress\/2025\/10\/29103542\/AA-App-Icon%403x.png\",\"width\":1536,\"height\":1536,\"caption\":\"Alle Angeln\"},\"image\":{\"@id\":\"https:\/\/www.alleangeln.de\/app\/#\/schema\/logo\/image\/\"},\"sameAs\":[\"https:\/\/facebook.com\/alleangeln\",\"https:\/\/x.com\/alleangeln\",\"https:\/\/instagram.com\/alleangeln\",\"https:\/\/www.youtube.com\/channel\/UCUDEctVIPX0yEsSSXXL_l_g\"]}]}<\/script>\n<!-- \/ Yoast SEO plugin. -->","yoast_head_json":{"title":"Facebook ID finden - ALLE ANGELN","robots":{"index":"index","follow":"follow","max-snippet":"max-snippet:-1","max-image-preview":"max-image-preview:large","max-video-preview":"max-video-preview:-1"},"canonical":"https:\/\/www.alleangeln.de\/app\/facebook-id\/","og_locale":"de_DE","og_type":"article","og_title":"Facebook ID finden - ALLE ANGELN","og_description":"[vc_row full_width=&#8220;stretch_row&#8220;][vc_column][\/vc_column][\/vc_row][vc_row foundry_padding=&#8220;pt64 pb64&#8243; foundry_parallax=&#8220;not-parallax&#8220;][vc_column css=&#8220;.vc_custom_1676299519067{padding-top: 0px !important;}&#8220; offset=&#8220;vc_col-lg-12 vc_col-md-12 vc_col-xs-12&#8243;][vc_column_text css=&#8220;&#8220;] So findest du deine Facebook Nutzer-ID Wenn du dein...","og_url":"https:\/\/www.alleangeln.de\/app\/facebook-id\/","og_site_name":"Alle Angeln","article_publisher":"https:\/\/facebook.com\/alleangeln","article_modified_time":"2025-06-13T11:22:11+00:00","og_image":[{"width":1080,"height":2051,"url":"https:\/\/alleangeln-data-prod.s3.eu-central-1.amazonaws.com\/wordpress\/2025\/06\/05111632\/SC1.jpg","type":"image\/jpeg"}],"twitter_card":"summary_large_image","twitter_site":"@alleangeln","twitter_misc":{"Gesch\u00e4tzte Lesezeit":"2\u00a0Minuten"},"schema":{"@context":"https:\/\/schema.org","@graph":[{"@type":"WebPage","@id":"https:\/\/www.alleangeln.de\/app\/facebook-id\/","url":"https:\/\/www.alleangeln.de\/app\/facebook-id\/","name":"Facebook ID finden - ALLE ANGELN","isPartOf":{"@id":"https:\/\/www.alleangeln.de\/app\/#website"},"primaryImageOfPage":{"@id":"https:\/\/www.alleangeln.de\/app\/facebook-id\/#primaryimage"},"image":{"@id":"https:\/\/www.alleangeln.de\/app\/facebook-id\/#primaryimage"},"thumbnailUrl":"https:\/\/alleangeln-data-prod.s3.eu-central-1.amazonaws.com\/wordpress\/2025\/06\/05111632\/SC1.jpg","datePublished":"2025-06-12T21:10:17+00:00","dateModified":"2025-06-13T11:22:11+00:00","breadcrumb":{"@id":"https:\/\/www.alleangeln.de\/app\/facebook-id\/#breadcrumb"},"inLanguage":"de","potentialAction":[{"@type":"ReadAction","target":["https:\/\/www.alleangeln.de\/app\/facebook-id\/"]}]},{"@type":"ImageObject","inLanguage":"de","@id":"https:\/\/www.alleangeln.de\/app\/facebook-id\/#primaryimage","url":"https:\/\/alleangeln-data-prod.s3.eu-central-1.amazonaws.com\/wordpress\/2025\/06\/05111632\/SC1.jpg","contentUrl":"https:\/\/alleangeln-data-prod.s3.eu-central-1.amazonaws.com\/wordpress\/2025\/06\/05111632\/SC1.jpg","width":1080,"height":2051},{"@type":"BreadcrumbList","@id":"https:\/\/www.alleangeln.de\/app\/facebook-id\/#breadcrumb","itemListElement":[{"@type":"ListItem","position":1,"name":"Startseite","item":"https:\/\/www.alleangeln.de\/app\/"},{"@type":"ListItem","position":2,"name":"Facebook-ID finden"}]},{"@type":"WebSite","@id":"https:\/\/www.alleangeln.de\/app\/#website","url":"https:\/\/www.alleangeln.de\/app\/","name":"Alle Angeln","description":"Das soziale Netzwerk f\u00fcr Angler und Anglerinnen","publisher":{"@id":"https:\/\/www.alleangeln.de\/app\/#organization"},"potentialAction":[{"@type":"SearchAction","target":{"@type":"EntryPoint","urlTemplate":"https:\/\/www.alleangeln.de\/app\/?s={search_term_string}"},"query-input":{"@type":"PropertyValueSpecification","valueRequired":true,"valueName":"search_term_string"}}],"inLanguage":"de"},{"@type":"Organization","@id":"https:\/\/www.alleangeln.de\/app\/#organization","name":"Alle Angeln","url":"https:\/\/www.alleangeln.de\/app\/","logo":{"@type":"ImageObject","inLanguage":"de","@id":"https:\/\/www.alleangeln.de\/app\/#\/schema\/logo\/image\/","url":"https:\/\/alleangeln-data-prod.s3.eu-central-1.amazonaws.com\/wordpress\/2025\/10\/29103542\/AA-App-Icon%403x.png","contentUrl":"https:\/\/alleangeln-data-prod.s3.eu-central-1.amazonaws.com\/wordpress\/2025\/10\/29103542\/AA-App-Icon%403x.png","width":1536,"height":1536,"caption":"Alle Angeln"},"image":{"@id":"https:\/\/www.alleangeln.de\/app\/#\/schema\/logo\/image\/"},"sameAs":["https:\/\/facebook.com\/alleangeln","https:\/\/x.com\/alleangeln","https:\/\/instagram.com\/alleangeln","https:\/\/www.youtube.com\/channel\/UCUDEctVIPX0yEsSSXXL_l_g"]}]}},"_links":{"self":[{"href":"https:\/\/www.alleangeln.de\/app\/wp-json\/wp\/v2\/pages\/5070","targetHints":{"allow":["GET"]}}],"collection":[{"href":"https:\/\/www.alleangeln.de\/app\/wp-json\/wp\/v2\/pages"}],"about":[{"href":"https:\/\/www.alleangeln.de\/app\/wp-json\/wp\/v2\/types\/page"}],"author":[{"embeddable":true,"href":"https:\/\/www.alleangeln.de\/app\/wp-json\/wp\/v2\/users\/4"}],"replies":[{"embeddable":true,"href":"https:\/\/www.alleangeln.de\/app\/wp-json\/wp\/v2\/comments?post=5070"}],"version-history":[{"count":18,"href":"https:\/\/www.alleangeln.de\/app\/wp-json\/wp\/v2\/pages\/5070\/revisions"}],"predecessor-version":[{"id":5089,"href":"https:\/\/www.alleangeln.de\/app\/wp-json\/wp\/v2\/pages\/5070\/revisions\/5089"}],"wp:featuredmedia":[{"embeddable":true,"href":"https:\/\/www.alleangeln.de\/app\/wp-json\/wp\/v2\/media\/5073"}],"wp:attachment":[{"href":"https:\/\/www.alleangeln.de\/app\/wp-json\/wp\/v2\/media?parent=5070"}],"curies":[{"name":"wp","href":"https:\/\/api.w.org\/{rel}","templated":true}]}}