{"id":760,"date":"2015-07-14T16:20:04","date_gmt":"2015-07-14T14:20:04","guid":{"rendered":"http:\/\/tommusrhodus.wpengine.com\/?page_id=760"},"modified":"2026-03-22T00:28:19","modified_gmt":"2026-03-21T23:28:19","slug":"app","status":"publish","type":"page","link":"https:\/\/www.alleangeln.de\/app\/","title":{"rendered":"App f\u00fcr Angler und Anglerinnen"},"content":{"rendered":"<div class=\"wpb-content-wrapper\"><p>[vc_row full_height=&#8220;yes&#8220; columns_placement=&#8220;top&#8220; equal_height=&#8220;yes&#8220; foundry_padding=&#8220;pt64 pb64&#8243; css=&#8220;.vc_custom_1772459957009{background-image: url(https:\/\/alleangeln-data-prod.s3.eu-central-1.amazonaws.com\/wordpress\/2026\/03\/02143003\/alle_angeln_background_26-3.webp?id=5261) !important;background-position: 0 0 !important;background-repeat: no-repeat !important;}&#8220;][vc_column width=&#8220;2\/3&#8243; css=&#8220;.vc_custom_1748205996047{padding-top: 125px !important;}&#8220;][vc_column_text css=&#8220;.vc_custom_1710423346798{margin-left: 10px !important;}&#8220;]<\/p>\n<div>\n<h1 style=\"text-align: left;\"><span style=\"color: #ffffff;\"><strong>Alle Angeln<\/strong><\/span><\/h1>\n<h4 style=\"text-align: left;\"><span style=\"color: #ffffff;\">Das soziale Netzwerk f\u00fcr Angler und Anglerinnen<\/span><\/h4>\n<\/div>\n<p>[\/vc_column_text][vc_column_text css=&#8220;.vc_custom_1710423359819{margin-left: 10px !important;}&#8220; el_class=&#8220;appbadges&#8220;]<\/p>\n<p class=\"alignnone\" style=\"text-align: right;\"><a href=\"https:\/\/apps.apple.com\/app\/apple-store\/id1095645023?pt=118151336&amp;ct=Homepage%20-%20App%20Store%20Badge%20(App)&amp;mt=8\" rel=\"noopener\"><img loading=\"lazy\" decoding=\"async\" class=\"wp-image-2418 alignleft\" src=\"https:\/\/www.alleangeln.de\/app\/wp-content\/uploads\/2016\/04\/alleangler-Appstore-Badge-300x89.png\" alt=\"iOS App f\u00fcr Angler\" width=\"170\" height=\"50\" srcset=\"https:\/\/www.alleangeln.de\/app\/wp-content\/uploads\/2016\/04\/alleangler-Appstore-Badge-300x89.png 300w, https:\/\/www.alleangeln.de\/app\/wp-content\/uploads\/2016\/04\/alleangler-Appstore-Badge-600x178.png 600w, https:\/\/www.alleangeln.de\/app\/wp-content\/uploads\/2016\/04\/alleangler-Appstore-Badge-768x227.png 768w, https:\/\/www.alleangeln.de\/app\/wp-content\/uploads\/2016\/04\/alleangler-Appstore-Badge-1024x303.png 1024w, https:\/\/www.alleangeln.de\/app\/wp-content\/uploads\/2016\/04\/alleangler-Appstore-Badge.png 1125w\" sizes=\"auto, (max-width: 170px) 100vw, 170px\" \/><\/a><a href=\"https:\/\/play.google.com\/store\/apps\/details?id=com.echo_projects.alleangeln&amp;referrer=utm_source%3Dalleangeln.de%26utm_medium%3DHomepage%26utm_campaign%3DPlay%2520Store%2520Badge%2520(App)\" rel=\"noopener\"><img loading=\"lazy\" decoding=\"async\" class=\"wp-image-2845 alignleft\" src=\"https:\/\/www.alleangeln.de\/app\/wp-content\/uploads\/2015\/07\/google-play-badge-cropped-300x89.png\" alt=\"android app f\u00fcr angler\" width=\"170\" height=\"51\" srcset=\"https:\/\/www.alleangeln.de\/app\/wp-content\/uploads\/2015\/07\/google-play-badge-cropped-300x89.png 300w, https:\/\/www.alleangeln.de\/app\/wp-content\/uploads\/2015\/07\/google-play-badge-cropped.png 564w\" sizes=\"auto, (max-width: 170px) 100vw, 170px\" \/><\/a><\/p>\n<p>[\/vc_column_text][\/vc_column][\/vc_row][vc_row full_width=&#8220;stretch_row_content&#8220; equal_height=&#8220;yes&#8220; foundry_padding=&#8220;pt64 pb64&#8243; foundry_vertical_align=&#8220;yes&#8220; foundry_parallax=&#8220;not-parallax&#8220; el_id=&#8220;smarterangeln&#8220;][vc_column width=&#8220;1\/4&#8243;][vc_column_text css=&#8220;&#8220;]<\/p>\n<h3 style=\"text-align: right;\">Entdecke die besten Angelreviere<\/h3>\n<p style=\"text-align: right;\">Mit der <a href=\"https:\/\/www.alleangeln.de\/gewaesser\"><span style=\"color: #64be00;\">Gew\u00e4ssersuche<\/span><\/a> in der App kannst du die besten Angelreviere in deiner N\u00e4he entdecken. Anhand der Fangmeldungen, Bilder und <span style=\"color: #64be00;\">Bewertungen<\/span> siehst du sofort, ob es sich lohnt, dort eine Gastkarte zu kaufen.<\/p>\n<p>[\/vc_column_text][vc_column_text css=&#8220;&#8220;]<\/p>\n<h3 style=\"text-align: right;\">Tausche Tipps und Tricks mit anderen Anglern aus<\/h3>\n<p style=\"text-align: right;\">Du kannst zu jedem Thema und Gew\u00e4sser <a href=\"https:\/\/www.alleangeln.de\/forum\"><span style=\"color: #64be00;\">Forenthemen<\/span><\/a> zum diskutieren er\u00f6ffnen und andere Angler um Rat fragen.<\/p>\n<p>[\/vc_column_text][\/vc_column][vc_column width=&#8220;1\/2&#8243; css=&#8220;.vc_custom_1676378020714{padding-top: 25px !important;}&#8220;][vc_single_image image=&#8220;4785&#8243; img_size=&#8220;large&#8220; alignment=&#8220;center&#8220; css_animation=&#8220;fadeIn&#8220;][\/vc_column][vc_column width=&#8220;1\/4&#8243;][vc_column_text]<\/p>\n<h3 style=\"text-align: left;\">Bleib immer auf dem Laufenden<\/h3>\n<p>Folge deinen Lieblingsgew\u00e4ssern und du erh\u00e4ltst automatisch eine <span style=\"color: #64be00;\">Benachrichtigung<\/span> \u00fcber alle Aktivit\u00e4ten. Du erf\u00e4hrst dann sofort wenn jemand zum Angeln eincheckt, ein Bild hochl\u00e4dt oder einen Fisch gefangen hat.[\/vc_column_text][vc_column_text]<\/p>\n<h3 style=\"text-align: left;\">Werde Angelk\u00f6nig an deinem Gew\u00e4sser<\/h3>\n<p style=\"text-align: left;\">Keine Lust mehr auf Anglerlatein? Mit ALLE ANGELN erf\u00e4hrst du, wer wirklich <span style=\"color: #64be00;\">die gr\u00f6\u00dften Fische<\/span> an Land zieht.<\/p>\n<p>[\/vc_column_text][\/vc_column][\/vc_row][vc_row full_width=&#8220;stretch_row_content&#8220; equal_height=&#8220;yes&#8220; foundry_parallax=&#8220;not-parallax&#8220; css=&#8220;.vc_custom_1748207248710{background-image: url(https:\/\/alleangeln-data-prod.s3.eu-central-1.amazonaws.com\/wordpress\/2024\/03\/14143342\/Adobe-Stock-pike_edited-e1741377630220.jpg?id=4773) !important;}&#8220;][vc_column width=&#8220;1\/3&#8243;][\/vc_column][vc_column width=&#8220;1\/3&#8243; css=&#8220;.vc_custom_1732288196865{padding-top: 20px !important;}&#8220;][vc_column_text css=&#8220;&#8220;]<\/p>\n<h2 style=\"text-align: right;\"><span style=\"color: #ffffff;\"><a href=\"https:\/\/www.alleangeln.de\/app\/fangbuch-und-fangstatistik-fuer-angler\/\">Fangstatistiken<\/a> f\u00fcr alle Gew\u00e4sser<\/span><\/h2>\n<p style=\"text-align: right;\"><span style=\"color: #ffffff;\">Mit dem <strong>Pro Angler Status<\/strong> siehst du f\u00fcr jedes Gew\u00e4sser und jede Fischart die erfolgreichsten Angelmethoden, K\u00f6der und Beisszeiten! <\/span><\/p>\n<p style=\"text-align: right;\"><span style=\"color: #ffffff;\"><a href=\"https:\/\/www.alleangeln.de\/app\/fangbuch-und-fangstatistik-fuer-angler\/\">Mehr erfahren&#8230;<\/a><\/span><\/p>\n<h5 style=\"text-align: left;\"><\/h5>\n<p>[\/vc_column_text][\/vc_column][vc_column width=&#8220;1\/3&#8243;][vc_single_image image=&#8220;5225&#8243; img_size=&#8220;large&#8220; alignment=&#8220;center&#8220; onclick=&#8220;custom_link&#8220; css=&#8220;&#8220; link=&#8220;https:\/\/www.alleangeln.de\/app\/fangbuch-und-fangstatistik-fuer-angler\/&#8220;][\/vc_column][\/vc_row][vc_row equal_height=&#8220;yes&#8220; foundry_padding=&#8220;pt64 pb64&#8243; foundry_parallax=&#8220;not-parallax&#8220;][vc_column width=&#8220;1\/3&#8243; offset=&#8220;vc_col-lg-offset-0 vc_col-lg-4 vc_col-md-offset-0 vc_col-md-4 vc_col-xs-offset-1 vc_col-xs-10&#8243;]\n\t\t\t<div class=\"feature feature-1\">\n\t\t\t\t\n\t\t\t    <div class=\"text-center\">\n\t\t\t        <i class=\"ti-thumb-up icon\"><\/i>\n\t\t\t        <h5 class=\"uppercase\"><\/h5>\n\t\t\t    <\/div>\n<div>\n<h3 style=\"text-align: center;\">Teil deine F\u00e4nge<\/h3>\n<p style=\"text-align: center;\">Mit unserer App f\u00fcr Angler kannst du deine F\u00e4nge ganz einfach mit dem Smartphone hochladen, mit anderen <span style=\"color: #64be00;\">teilen<\/span> und deren F\u00e4nge <span style=\"color: #64be00;\">liken<\/span> und <span style=\"color: #64be00;\">kommentieren<\/span>.<\/p>\n<\/div>\n<p>\n\n\t\t\t    \n\t\t\t<\/div>\n\t\t[\/vc_column][vc_column width=&#8220;1\/3&#8243; offset=&#8220;vc_col-lg-offset-0 vc_col-md-offset-0 vc_col-xs-offset-1 vc_col-xs-10&#8243;]\n\t\t\t<div class=\"feature feature-1\">\n\t\t\t\t\n\t\t\t    <div class=\"text-center\">\n\t\t\t        <i class=\"ti-comments icon\"><\/i>\n\t\t\t        <h5 class=\"uppercase\"><\/h5>\n\t\t\t    <\/div>\n<h3 style=\"text-align: center;\">Finde neue Freunde<\/h3>\n<p style=\"text-align: center;\">Tritt einem von \u00fcber 5.000 <span style=\"color: #64be00;\">Gruppenchats<\/span> bei und vernetze dich mit anderen Anglerinnen und Anglern aus deiner Gegend. Wenn du auf der Suche nach Tipps & Tricks bist, dann schreib in unser <span style=\"color: #64be00;\">Forum<\/span>!<\/p>\n<p>\n\n\t\t\t    \n\t\t\t<\/div>\n\t\t[\/vc_column][vc_column width=&#8220;1\/3&#8243; offset=&#8220;vc_col-lg-offset-0 vc_col-md-offset-0 vc_col-xs-offset-1 vc_col-xs-10&#8243;]\n\t\t\t<div class=\"feature feature-1\">\n\t\t\t\t\n\t\t\t    <div class=\"text-center\">\n\t\t\t        <i class=\"ti-crown icon\"><\/i>\n\t\t\t        <h5 class=\"uppercase\"><\/h5>\n\t\t\t    <\/div>\n<h3 style=\"text-align: center;\">Fange mehr Fische<\/h3>\n<p style=\"text-align: center;\">Lade mindestens 3 F\u00e4nge hoch und du erh\u00e4ltst kostenlosen Zugriff auf deine pers\u00f6nlichen <span style=\"color: #64be00;\">Fangstatistiken<\/span>!<\/p>\n<p>\n\n\t\t\t    \n\t\t\t<\/div>\n\t\t[\/vc_column][\/vc_row][vc_row full_width=&#8220;stretch_row_content&#8220; equal_height=&#8220;yes&#8220; foundry_parallax=&#8220;not-parallax&#8220; css=&#8220;.vc_custom_1748207258025{background-image: url(https:\/\/alleangeln-data-prod.s3.eu-central-1.amazonaws.com\/wordpress\/2024\/03\/14145236\/alle_angeln_background22-2.jpg?id=4775) !important;}&#8220;][vc_column width=&#8220;1\/3&#8243;][vc_single_image image=&#8220;5222&#8243; img_size=&#8220;large&#8220; alignment=&#8220;center&#8220; onclick=&#8220;custom_link&#8220; css=&#8220;&#8220; link=&#8220;https:\/\/www.alleangeln.de\/app\/tiefenkarten\/&#8220;][\/vc_column][vc_column width=&#8220;1\/3&#8243; css=&#8220;.vc_custom_1732288206510{padding-top: 20px !important;}&#8220;][vc_column_text css=&#8220;&#8220;]<\/p>\n<h2 style=\"text-align: left;\"><span style=\"color: #ffffff;\"><a href=\"https:\/\/www.alleangeln.de\/app\/tiefenkarten-fuer-angler\/\">Tiefenkarten<\/a> und Hot Spots!<\/span><\/h2>\n<p style=\"text-align: left;\"><span style=\"color: #ffffff;\">Werde\u00a0<b>Pro Angler<\/b>, um alle \u00f6ffentlichen Fangorte und <a href=\"https:\/\/www.alleangeln.de\/app\/tiefenkarten\/\"><strong>Tiefenkarten<\/strong><\/a> zu sehen. Bei neuen oder gr\u00f6\u00dferen Gew\u00e4ssern kannst du so viel schneller die Hot-Spots identifizieren. <\/span><\/p>\n<p style=\"text-align: left;\"><span style=\"color: #ffffff;\"><a href=\"https:\/\/www.alleangeln.de\/app\/tiefenkarten\/\">Mehr erfahren&#8230;<\/a><\/span><\/p>\n<p>[\/vc_column_text][\/vc_column][vc_column width=&#8220;1\/3&#8243;][\/vc_column][\/vc_row][vc_row equal_height=&#8220;yes&#8220; foundry_padding=&#8220;pt64 pb64&#8243; foundry_parallax=&#8220;not-parallax&#8220;][vc_column width=&#8220;1\/3&#8243; offset=&#8220;vc_col-lg-offset-0 vc_col-lg-4 vc_col-md-offset-0 vc_col-md-4 vc_col-xs-offset-1 vc_col-xs-10&#8243;]\n\t\t\t<div class=\"feature feature-1\">\n\t\t\t\t\n\t\t\t    <div class=\"text-center\">\n\t\t\t        <i class=\"ti-location-pin icon\"><\/i>\n\t\t\t        <h5 class=\"uppercase\"><\/h5>\n\t\t\t    <\/div>\n<h3 style=\"text-align: center;\">25.000 Gew\u00e4sser<\/h3>\n<p style=\"text-align: center;\">Keine Lust an den immer gleichen Vereinsgew\u00e4ssern zu angeln? Als <strong>Pro-Angler<\/strong> kannst du alle Gew\u00e4sser z.B. nach <span style=\"color: #64be00;\">Zielfisch, Angelmethode <\/span>oder Verf\u00fcgbarkeit von\u00a0<span style=\"color: #64be00;\">Gastkarten<\/span>\u00a0filtern!<\/p>\n<p>\n\n\t\t\t    \n\t\t\t<\/div>\n\t\t[\/vc_column][vc_column width=&#8220;1\/3&#8243; offset=&#8220;vc_col-lg-offset-0 vc_col-md-offset-0 vc_col-xs-offset-1 vc_col-xs-10&#8243;]\n\t\t\t<div class=\"feature feature-1\">\n\t\t\t\t\n\t\t\t    <div class=\"text-center\">\n\t\t\t        <i class=\"ti-user icon\"><\/i>\n\t\t\t        <h5 class=\"uppercase\"><\/h5>\n\t\t\t    <\/div>\n<h3 style=\"text-align: center;\">575.000 Mitglieder<\/h3>\n<p style=\"text-align: center;\">Vernetze dich mit Anglern aus deiner N\u00e4he, tausche <span style=\"color: #64be00;\">Tipps und Tricks<\/span> aus und verabrede dich zum Angeln. Als<strong> Pro-Angler<\/strong> kannst du mit allen Mitgliedern unbegrenzt <span style=\"color: #64be00;\">private Nachrichten<\/span> schreiben.<\/p>\n<p>\n\n\t\t\t    \n\t\t\t<\/div>\n\t\t[\/vc_column][vc_column width=&#8220;1\/3&#8243; offset=&#8220;vc_col-lg-offset-0 vc_col-md-offset-0 vc_col-xs-offset-1 vc_col-xs-10&#8243;]\n\t\t\t<div class=\"feature feature-1\">\n\t\t\t\t\n\t\t\t    <div class=\"text-center\">\n\t\t\t        <i class=\"ti-pulse icon\"><\/i>\n\t\t\t        <h5 class=\"uppercase\"><\/h5>\n\t\t\t    <\/div>\n<h3 style=\"text-align: center;\">\u00fcber 1 Mio. Fangmeldungen<\/h3>\n<p style=\"text-align: center;\">ALLE ANGELN ist die gr\u00f6\u00dfte Community f\u00fcr Angler und Anglerinnen im deutschsprachigen Raum und <span style=\"color: #64be00;\">Treffpunkt der Angelszene<\/span> im Internet. Mach mit und werde mit ALLE ANGELN zum <strong>Pro-Angler<\/strong>!<\/p>\n<p>\n\n\t\t\t    \n\t\t\t<\/div>\n\t\t[\/vc_column][\/vc_row][vc_row full_width=&#8220;stretch_row_content&#8220; equal_height=&#8220;yes&#8220; foundry_parallax=&#8220;not-parallax&#8220; css=&#8220;.vc_custom_1748207270738{background-image: url(https:\/\/www.alleangeln.de\/app\/wp-content\/uploads\/2019\/05\/190502-Alle-Angeln-Subheader.jpg?id=3609) !important;}&#8220;][vc_column width=&#8220;1\/3&#8243;][\/vc_column][vc_column width=&#8220;1\/3&#8243; css=&#8220;.vc_custom_1732288214618{padding-top: 20px !important;}&#8220;][vc_column_text css=&#8220;&#8220;]<\/p>\n<h2 style=\"text-align: right;\"><span style=\"color: #ffffff;\">Angelwetter und <a href=\"https:\/\/www.alleangeln.de\/app\/pegelstaende-fuer-angler\/\">Pegelst\u00e4nde<\/a><\/span><\/h2>\n<p style=\"text-align: right;\"><span style=\"color: #ffffff;\">Als <b>Pro Angler<\/b> hast du <a href=\"https:\/\/www.alleangeln.de\/app\/pegelstaende-fuer-angler\/\">die aktuellen Pegelst\u00e4nde<\/a>, die Wetter\u00adlage, Mondphase, Luftdruck, Unwetter\u00ad\u00adwarnungen und D\u00e4mmerungs\u00ad\u00adzeiten an deinen Lieblingsgew\u00e4ssern immer im Blick. <\/span><\/p>\n<p style=\"text-align: right;\"><span style=\"color: #ffffff;\"><a href=\"https:\/\/www.alleangeln.de\/app\/pegelstaende-fuer-angler\/\">Mehr erfahren&#8230;<\/a><\/span><\/p>\n<p>[\/vc_column_text][\/vc_column][vc_column width=&#8220;1\/3&#8243;][vc_single_image image=&#8220;5224&#8243; img_size=&#8220;large&#8220; alignment=&#8220;center&#8220; onclick=&#8220;custom_link&#8220; css=&#8220;&#8220; link=&#8220;https:\/\/www.alleangeln.de\/app\/pegelstaende-fuer-angler\/&#8220;][\/vc_column][\/vc_row][vc_row full_width=&#8220;stretch_row_content&#8220; foundry_padding=&#8220;pt64 pb64&#8243;][vc_column][vc_column_text]Wir unterst\u00fctzen:[\/vc_column_text][vc_images_carousel images=&#8220;4767,4744,4755,4768,4756&#8243; img_size=&#8220;large&#8220; onclick=&#8220;custom_link&#8220; custom_links_target=&#8220;_blank&#8220; slides_per_view=&#8220;5&#8243; hide_pagination_control=&#8220;yes&#8220; hide_prev_next_buttons=&#8220;yes&#8220; wrap=&#8220;yes&#8220; css=&#8220;.vc_custom_1709541405019{padding-top: -10px !important;}&#8220; custom_links=&#8220;#E-8_aHR0cHMlM0ElMkYlMkZ3d3cuZWZ0dGEuY29tJTJGJTJDaHR0cHMlM0ElMkYlMkZ3d3cuaWZpc2htYW4uZGUlMkYlMkNodHRwcyUzQSUyRiUyRnd3dy5pZGl2LmRlJTJGJTJDaHR0cHMlM0ElMkYlMkZ3d3cuaWZiLXBvdHNkYW0uZGUlMkZzZWl0ZSUyRjYyNjE0NyUyRm9kZXJhbmdlbG4uaHRtbCUyQ2h0dHBzJTNBJTJGJTJGd3d3LnRodWVuZW4uZGUlMkZkZSUyRmZhY2hpbnN0aXR1dGUlMkZvc3RzZWVmaXNjaGVyZWk=&#8220;][\/vc_column][\/vc_row]<\/p>\n<\/div>","protected":false},"excerpt":{"rendered":"<p>[vc_row full_height=&#8220;yes&#8220; columns_placement=&#8220;top&#8220; equal_height=&#8220;yes&#8220; foundry_padding=&#8220;pt64 pb64&#8243; css=&#8220;.vc_custom_1772459957009{background-image: url(https:\/\/alleangeln-data-prod.s3.eu-central-1.amazonaws.com\/wordpress\/2026\/03\/02143003\/alle_angeln_background_26-3.webp?id=5261) !important;background-position: 0 0 !important;background-repeat: no-repeat !important;}&#8220;][vc_column width=&#8220;2\/3&#8243; css=&#8220;.vc_custom_1748205996047{padding-top: 125px !important;}&#8220;][vc_column_text css=&#8220;.vc_custom_1710423346798{margin-left: 10px !important;}&#8220;]&#8230;<\/p>\n","protected":false},"author":1,"featured_media":4785,"parent":0,"menu_order":0,"comment_status":"closed","ping_status":"closed","template":"","meta":{"footnotes":""},"class_list":["post-760","page","type-page","status-publish","has-post-thumbnail","hentry"],"yoast_head":"<!-- This site is optimized with the Yoast SEO plugin v27.1.1 - https:\/\/yoast.com\/product\/yoast-seo-wordpress\/ -->\n<title>ALLE ANGELN | Die App f\u00fcr Angler und Anglerinnen<\/title>\n<meta name=\"description\" content=\"Die gr\u00f6\u00dfte deutschsprachige Community f\u00fcr Anglerinnen und Angler. Teile deine F\u00e4nge, finde neue Freunde und fange mehr Fische!\" \/>\n<meta name=\"robots\" content=\"index, follow, max-snippet:-1, max-image-preview:large, max-video-preview:-1\" \/>\n<link rel=\"canonical\" href=\"https:\/\/www.alleangeln.de\/app\/\" \/>\n<meta property=\"og:locale\" content=\"de_DE\" \/>\n<meta property=\"og:type\" content=\"article\" \/>\n<meta property=\"og:title\" content=\"ALLE ANGELN | Die App f\u00fcr Angler und Anglerinnen\" \/>\n<meta property=\"og:description\" content=\"Die gr\u00f6\u00dfte deutschsprachige Community f\u00fcr Anglerinnen und Angler. Teile deine F\u00e4nge, finde neue Freunde und fange mehr Fische!\" \/>\n<meta property=\"og:url\" content=\"https:\/\/www.alleangeln.de\/app\/\" \/>\n<meta property=\"og:site_name\" content=\"Alle Angeln\" \/>\n<meta property=\"article:publisher\" content=\"https:\/\/facebook.com\/alleangeln\" \/>\n<meta property=\"article:modified_time\" content=\"2026-03-21T23:28:19+00:00\" \/>\n<meta property=\"og:image\" content=\"https:\/\/alleangeln-data-prod.s3.eu-central-1.amazonaws.com\/wordpress\/2024\/03\/18211151\/240318-ALLE-ANGELN-AppPreview_640px.png\" \/>\n\t<meta property=\"og:image:width\" content=\"640\" \/>\n\t<meta property=\"og:image:height\" content=\"667\" \/>\n\t<meta property=\"og:image:type\" content=\"image\/png\" \/>\n<meta name=\"twitter:card\" content=\"summary_large_image\" \/>\n<meta name=\"twitter:site\" content=\"@alleangeln\" \/>\n<meta name=\"twitter:label1\" content=\"Gesch\u00e4tzte Lesezeit\" \/>\n\t<meta name=\"twitter:data1\" content=\"6\u00a0Minuten\" \/>\n<script type=\"application\/ld+json\" class=\"yoast-schema-graph\">{\"@context\":\"https:\/\/schema.org\",\"@graph\":[{\"@type\":\"WebPage\",\"@id\":\"https:\/\/www.alleangeln.de\/app\/\",\"url\":\"https:\/\/www.alleangeln.de\/app\/\",\"name\":\"ALLE ANGELN | Die App f\u00fcr Angler und Anglerinnen\",\"isPartOf\":{\"@id\":\"https:\/\/www.alleangeln.de\/app\/#website\"},\"primaryImageOfPage\":{\"@id\":\"https:\/\/www.alleangeln.de\/app\/#primaryimage\"},\"image\":{\"@id\":\"https:\/\/www.alleangeln.de\/app\/#primaryimage\"},\"thumbnailUrl\":\"https:\/\/alleangeln-data-prod.s3.eu-central-1.amazonaws.com\/wordpress\/2024\/03\/18211151\/240318-ALLE-ANGELN-AppPreview_640px.png\",\"datePublished\":\"2015-07-14T14:20:04+00:00\",\"dateModified\":\"2026-03-21T23:28:19+00:00\",\"description\":\"Die gr\u00f6\u00dfte deutschsprachige Community f\u00fcr Anglerinnen und Angler. Teile deine F\u00e4nge, finde neue Freunde und fange mehr Fische!\",\"breadcrumb\":{\"@id\":\"https:\/\/www.alleangeln.de\/app\/#breadcrumb\"},\"inLanguage\":\"de\",\"potentialAction\":[{\"@type\":\"ReadAction\",\"target\":[\"https:\/\/www.alleangeln.de\/app\/\"]}]},{\"@type\":\"ImageObject\",\"inLanguage\":\"de\",\"@id\":\"https:\/\/www.alleangeln.de\/app\/#primaryimage\",\"url\":\"https:\/\/alleangeln-data-prod.s3.eu-central-1.amazonaws.com\/wordpress\/2024\/03\/18211151\/240318-ALLE-ANGELN-AppPreview_640px.png\",\"contentUrl\":\"https:\/\/alleangeln-data-prod.s3.eu-central-1.amazonaws.com\/wordpress\/2024\/03\/18211151\/240318-ALLE-ANGELN-AppPreview_640px.png\",\"width\":640,\"height\":667,\"caption\":\"App f\u00fcr Angler\"},{\"@type\":\"BreadcrumbList\",\"@id\":\"https:\/\/www.alleangeln.de\/app\/#breadcrumb\",\"itemListElement\":[{\"@type\":\"ListItem\",\"position\":1,\"name\":\"Startseite\",\"item\":\"https:\/\/www.alleangeln.de\/app\/\"},{\"@type\":\"ListItem\",\"position\":2,\"name\":\"App f\u00fcr Angler und Anglerinnen\"}]},{\"@type\":\"WebSite\",\"@id\":\"https:\/\/www.alleangeln.de\/app\/#website\",\"url\":\"https:\/\/www.alleangeln.de\/app\/\",\"name\":\"Alle Angeln\",\"description\":\"Das soziale Netzwerk f\u00fcr Angler und Anglerinnen\",\"publisher\":{\"@id\":\"https:\/\/www.alleangeln.de\/app\/#organization\"},\"potentialAction\":[{\"@type\":\"SearchAction\",\"target\":{\"@type\":\"EntryPoint\",\"urlTemplate\":\"https:\/\/www.alleangeln.de\/app\/?s={search_term_string}\"},\"query-input\":{\"@type\":\"PropertyValueSpecification\",\"valueRequired\":true,\"valueName\":\"search_term_string\"}}],\"inLanguage\":\"de\"},{\"@type\":\"Organization\",\"@id\":\"https:\/\/www.alleangeln.de\/app\/#organization\",\"name\":\"Alle Angeln\",\"url\":\"https:\/\/www.alleangeln.de\/app\/\",\"logo\":{\"@type\":\"ImageObject\",\"inLanguage\":\"de\",\"@id\":\"https:\/\/www.alleangeln.de\/app\/#\/schema\/logo\/image\/\",\"url\":\"https:\/\/alleangeln-data-prod.s3.eu-central-1.amazonaws.com\/wordpress\/2025\/10\/29103542\/AA-App-Icon%403x.png\",\"contentUrl\":\"https:\/\/alleangeln-data-prod.s3.eu-central-1.amazonaws.com\/wordpress\/2025\/10\/29103542\/AA-App-Icon%403x.png\",\"width\":1536,\"height\":1536,\"caption\":\"Alle Angeln\"},\"image\":{\"@id\":\"https:\/\/www.alleangeln.de\/app\/#\/schema\/logo\/image\/\"},\"sameAs\":[\"https:\/\/facebook.com\/alleangeln\",\"https:\/\/x.com\/alleangeln\",\"https:\/\/instagram.com\/alleangeln\",\"https:\/\/www.youtube.com\/channel\/UCUDEctVIPX0yEsSSXXL_l_g\"]}]}<\/script>\n<!-- \/ Yoast SEO plugin. -->","yoast_head_json":{"title":"ALLE ANGELN | Die App f\u00fcr Angler und Anglerinnen","description":"Die gr\u00f6\u00dfte deutschsprachige Community f\u00fcr Anglerinnen und Angler. Teile deine F\u00e4nge, finde neue Freunde und fange mehr Fische!","robots":{"index":"index","follow":"follow","max-snippet":"max-snippet:-1","max-image-preview":"max-image-preview:large","max-video-preview":"max-video-preview:-1"},"canonical":"https:\/\/www.alleangeln.de\/app\/","og_locale":"de_DE","og_type":"article","og_title":"ALLE ANGELN | Die App f\u00fcr Angler und Anglerinnen","og_description":"Die gr\u00f6\u00dfte deutschsprachige Community f\u00fcr Anglerinnen und Angler. Teile deine F\u00e4nge, finde neue Freunde und fange mehr Fische!","og_url":"https:\/\/www.alleangeln.de\/app\/","og_site_name":"Alle Angeln","article_publisher":"https:\/\/facebook.com\/alleangeln","article_modified_time":"2026-03-21T23:28:19+00:00","og_image":[{"width":640,"height":667,"url":"https:\/\/alleangeln-data-prod.s3.eu-central-1.amazonaws.com\/wordpress\/2024\/03\/18211151\/240318-ALLE-ANGELN-AppPreview_640px.png","type":"image\/png"}],"twitter_card":"summary_large_image","twitter_site":"@alleangeln","twitter_misc":{"Gesch\u00e4tzte Lesezeit":"6\u00a0Minuten"},"schema":{"@context":"https:\/\/schema.org","@graph":[{"@type":"WebPage","@id":"https:\/\/www.alleangeln.de\/app\/","url":"https:\/\/www.alleangeln.de\/app\/","name":"ALLE ANGELN | Die App f\u00fcr Angler und Anglerinnen","isPartOf":{"@id":"https:\/\/www.alleangeln.de\/app\/#website"},"primaryImageOfPage":{"@id":"https:\/\/www.alleangeln.de\/app\/#primaryimage"},"image":{"@id":"https:\/\/www.alleangeln.de\/app\/#primaryimage"},"thumbnailUrl":"https:\/\/alleangeln-data-prod.s3.eu-central-1.amazonaws.com\/wordpress\/2024\/03\/18211151\/240318-ALLE-ANGELN-AppPreview_640px.png","datePublished":"2015-07-14T14:20:04+00:00","dateModified":"2026-03-21T23:28:19+00:00","description":"Die gr\u00f6\u00dfte deutschsprachige Community f\u00fcr Anglerinnen und Angler. Teile deine F\u00e4nge, finde neue Freunde und fange mehr Fische!","breadcrumb":{"@id":"https:\/\/www.alleangeln.de\/app\/#breadcrumb"},"inLanguage":"de","potentialAction":[{"@type":"ReadAction","target":["https:\/\/www.alleangeln.de\/app\/"]}]},{"@type":"ImageObject","inLanguage":"de","@id":"https:\/\/www.alleangeln.de\/app\/#primaryimage","url":"https:\/\/alleangeln-data-prod.s3.eu-central-1.amazonaws.com\/wordpress\/2024\/03\/18211151\/240318-ALLE-ANGELN-AppPreview_640px.png","contentUrl":"https:\/\/alleangeln-data-prod.s3.eu-central-1.amazonaws.com\/wordpress\/2024\/03\/18211151\/240318-ALLE-ANGELN-AppPreview_640px.png","width":640,"height":667,"caption":"App f\u00fcr Angler"},{"@type":"BreadcrumbList","@id":"https:\/\/www.alleangeln.de\/app\/#breadcrumb","itemListElement":[{"@type":"ListItem","position":1,"name":"Startseite","item":"https:\/\/www.alleangeln.de\/app\/"},{"@type":"ListItem","position":2,"name":"App f\u00fcr Angler und Anglerinnen"}]},{"@type":"WebSite","@id":"https:\/\/www.alleangeln.de\/app\/#website","url":"https:\/\/www.alleangeln.de\/app\/","name":"Alle Angeln","description":"Das soziale Netzwerk f\u00fcr Angler und Anglerinnen","publisher":{"@id":"https:\/\/www.alleangeln.de\/app\/#organization"},"potentialAction":[{"@type":"SearchAction","target":{"@type":"EntryPoint","urlTemplate":"https:\/\/www.alleangeln.de\/app\/?s={search_term_string}"},"query-input":{"@type":"PropertyValueSpecification","valueRequired":true,"valueName":"search_term_string"}}],"inLanguage":"de"},{"@type":"Organization","@id":"https:\/\/www.alleangeln.de\/app\/#organization","name":"Alle Angeln","url":"https:\/\/www.alleangeln.de\/app\/","logo":{"@type":"ImageObject","inLanguage":"de","@id":"https:\/\/www.alleangeln.de\/app\/#\/schema\/logo\/image\/","url":"https:\/\/alleangeln-data-prod.s3.eu-central-1.amazonaws.com\/wordpress\/2025\/10\/29103542\/AA-App-Icon%403x.png","contentUrl":"https:\/\/alleangeln-data-prod.s3.eu-central-1.amazonaws.com\/wordpress\/2025\/10\/29103542\/AA-App-Icon%403x.png","width":1536,"height":1536,"caption":"Alle Angeln"},"image":{"@id":"https:\/\/www.alleangeln.de\/app\/#\/schema\/logo\/image\/"},"sameAs":["https:\/\/facebook.com\/alleangeln","https:\/\/x.com\/alleangeln","https:\/\/instagram.com\/alleangeln","https:\/\/www.youtube.com\/channel\/UCUDEctVIPX0yEsSSXXL_l_g"]}]}},"_links":{"self":[{"href":"https:\/\/www.alleangeln.de\/app\/wp-json\/wp\/v2\/pages\/760","targetHints":{"allow":["GET"]}}],"collection":[{"href":"https:\/\/www.alleangeln.de\/app\/wp-json\/wp\/v2\/pages"}],"about":[{"href":"https:\/\/www.alleangeln.de\/app\/wp-json\/wp\/v2\/types\/page"}],"author":[{"embeddable":true,"href":"https:\/\/www.alleangeln.de\/app\/wp-json\/wp\/v2\/users\/1"}],"replies":[{"embeddable":true,"href":"https:\/\/www.alleangeln.de\/app\/wp-json\/wp\/v2\/comments?post=760"}],"version-history":[{"count":550,"href":"https:\/\/www.alleangeln.de\/app\/wp-json\/wp\/v2\/pages\/760\/revisions"}],"predecessor-version":[{"id":5277,"href":"https:\/\/www.alleangeln.de\/app\/wp-json\/wp\/v2\/pages\/760\/revisions\/5277"}],"wp:featuredmedia":[{"embeddable":true,"href":"https:\/\/www.alleangeln.de\/app\/wp-json\/wp\/v2\/media\/4785"}],"wp:attachment":[{"href":"https:\/\/www.alleangeln.de\/app\/wp-json\/wp\/v2\/media?parent=760"}],"curies":[{"name":"wp","href":"https:\/\/api.w.org\/{rel}","templated":true}]}}